{"id":1539,"date":"2019-05-30T10:18:43","date_gmt":"2019-05-30T08:18:43","guid":{"rendered":"http:\/\/senojikarkle.lt\/?page_id=1539"},"modified":"2025-12-12T22:49:52","modified_gmt":"2025-12-12T20:49:52","slug":"kainos","status":"publish","type":"page","link":"https:\/\/senojikarkle.lt\/uk\/\u0446\u0456\u043d\u0438\/","title":{"rendered":"\u0426\u0456\u043d\u0438"},"content":{"rendered":"<div class=\"vc_row wpb_row vc_row-fluid\"><div class=\"wpb_column vc_column_container vc_col-sm-12\"><div class=\"vc_column-inner\"><div class=\"wpb_wrapper\">\n\t<div class=\"wpb_text_column wpb_content_element\" >\n\t\t<div class=\"wpb_wrapper\">\n\t\t\t<h2 style=\"text-align: center; line-height: 1.3;\">\"\u0421\u0442\u0430\u0440\u0438\u0439 \u041a\u0430\u0440\u043a\u043b\" (\"Karkle Beach Suites\")<br \/>\n\u0446\u0456\u043d\u0438 \u043d\u0430 \u043e\u0440\u0435\u043d\u0434\u0443 \u043a\u0432\u0430\u0440\u0442\u0438\u0440 \u043d\u0430 2025-2026 \u0440\u043e\u043a\u0438<\/h2>\n\n\t\t<\/div>\n\t<\/div>\n\n\t<div class=\"wpb_raw_code wpb_content_element wpb_raw_html vc_custom_1664642395604\" >\n\t\t<div class=\"wpb_wrapper\">\n\t\t\t<div id=\"tablepress-1-scroll-wrapper\" class=\"tablepress-scroll-wrapper\">\n\n<table id=\"tablepress-1\" class=\"tablepress tablepress-id-1 tablepress-responsive\">\n<tbody>\n<tr class=\"row-1\">\n\t<td class=\"column-1\">\u0414\u0432\u043e\u043a\u0456\u043c\u043d\u0430\u0442\u043d\u0430 \u043a\u0432\u0430\u0440\u0442\u0438\u0440\u0430 \u0437 \u043e\u043a\u0440\u0435\u043c\u0438\u043c \u0432\u0445\u043e\u0434\u043e\u043c (1 \u0434\u0432\u043e\u0441\u043f\u0430\u043b\u044c\u043d\u0435 \u043b\u0456\u0436\u043a\u043e + 1 \u0440\u043e\u0437\u043a\u043b\u0430\u0434\u043d\u0438\u0439 \u0434\u0438\u0432\u0430\u043d \u0430\u0431\u043e 2 \u043e\u0434\u043d\u043e\u0441\u043f\u0430\u043b\u044c\u043d\u0456 \u043b\u0456\u0436\u043a\u0430 + 1 \u0440\u043e\u0437\u043a\u043b\u0430\u0434\u043d\u0438\u0439 \u0434\u0438\u0432\u0430\u043d)<\/td><td class=\"column-2\"><\/td><td class=\"column-3\"><\/td><td class=\"column-4\"><\/td><td class=\"column-5\"><\/td><td class=\"column-6\"><\/td><td class=\"column-7\"><\/td><td class=\"column-8\"><\/td><td class=\"column-9\"><\/td>\n<\/tr>\n<tr class=\"row-2\">\n\t<td class=\"column-1\"><\/td><td class=\"column-2\">\u0434\u043e 05.22<\/td><td class=\"column-3\">05.22-06.12<\/td><td class=\"column-4\">06.12-06.19<\/td><td class=\"column-5\">06.19-07.01<\/td><td class=\"column-6\">07.01-08.23<\/td><td class=\"column-7\">08.23-08.30<\/td><td class=\"column-8\">08.30-09.20<\/td><td class=\"column-9\">\u0437 09.20<\/td>\n<\/tr>\n<tr class=\"row-3\">\n\t<td class=\"column-1\"><\/td><td class=\"column-2\">EUR<\/td><td class=\"column-3\">EUR<\/td><td class=\"column-4\">EUR<\/td><td class=\"column-5\">EUR<\/td><td class=\"column-6\">EUR<\/td><td class=\"column-7\">EUR<\/td><td class=\"column-8\">EUR<\/td><td class=\"column-9\">EUR<\/td>\n<\/tr>\n<tr class=\"row-4\">\n\t<td class=\"column-1\">2 \u0430\u0441\u043c.<\/td><td class=\"column-2\">35<\/td><td class=\"column-3\">40<\/td><td class=\"column-4\">45<\/td><td class=\"column-5\">55<\/td><td class=\"column-6\">75<\/td><td class=\"column-7\">65<\/td><td class=\"column-8\">40<\/td><td class=\"column-9\">35<\/td>\n<\/tr>\n<tr class=\"row-5\">\n\t<td class=\"column-1\">3 \u0430\u0441\u043c.<\/td><td class=\"column-2\">40<\/td><td class=\"column-3\">45<\/td><td class=\"column-4\">50<\/td><td class=\"column-5\">60<\/td><td class=\"column-6\">80<\/td><td class=\"column-7\">70<\/td><td class=\"column-8\">45<\/td><td class=\"column-9\">40<\/td>\n<\/tr>\n<tr class=\"row-6\">\n\t<td class=\"column-1\">4 \u0430\u0441\u043c.<\/td><td class=\"column-2\">45<\/td><td class=\"column-3\">50<\/td><td class=\"column-4\">55<\/td><td class=\"column-5\">65<\/td><td class=\"column-6\">85<\/td><td class=\"column-7\">75<\/td><td class=\"column-8\">50<\/td><td class=\"column-9\">45<\/td>\n<\/tr>\n<tr class=\"row-7\">\n\t<td class=\"column-1\">\u0421\u0442\u0430\u043d\u0434\u0430\u0440\u0442\u043d\u0430 \u043a\u0432\u0430\u0440\u0442\u0438\u0440\u0430 \u043d\u0430 \u0434\u0440\u0443\u0433\u043e\u043c\u0443 \u043f\u043e\u0432\u0435\u0440\u0441\u0456 (1 \u0434\u0432\u043e\u0441\u043f\u0430\u043b\u044c\u043d\u0435 \u043b\u0456\u0436\u043a\u043e + 1 \u043e\u0434\u043d\u043e\u0441\u043f\u0430\u043b\u044c\u043d\u0435 \u043b\u0456\u0436\u043a\u043e)<\/td><td class=\"column-2\"><\/td><td class=\"column-3\"><\/td><td class=\"column-4\"><\/td><td class=\"column-5\"><\/td><td class=\"column-6\"><\/td><td class=\"column-7\"><\/td><td class=\"column-8\"><\/td><td class=\"column-9\"><\/td>\n<\/tr>\n<tr class=\"row-8\">\n\t<td class=\"column-1\">2 \u0430\u0441\u043c.<\/td><td class=\"column-2\">35<\/td><td class=\"column-3\">40<\/td><td class=\"column-4\">45<\/td><td class=\"column-5\">55<\/td><td class=\"column-6\">75<\/td><td class=\"column-7\">65<\/td><td class=\"column-8\">40<\/td><td class=\"column-9\">35<\/td>\n<\/tr>\n<tr class=\"row-9\">\n\t<td class=\"column-1\">3 \u0430\u0441\u043c.<\/td><td class=\"column-2\">40<\/td><td class=\"column-3\">45<\/td><td class=\"column-4\">50<\/td><td class=\"column-5\">60<\/td><td class=\"column-6\">80<\/td><td class=\"column-7\">70<\/td><td class=\"column-8\">45<\/td><td class=\"column-9\">40<\/td>\n<\/tr>\n<tr class=\"row-10\">\n\t<td class=\"column-1\">\u0414\u0432\u043e\u043a\u0456\u043c\u043d\u0430\u0442\u043d\u0430 \u043a\u0432\u0430\u0440\u0442\u0438\u0440\u0430 \u043d\u0430 \u0434\u0440\u0443\u0433\u043e\u043c\u0443 \u043f\u043e\u0432\u0435\u0440\u0441\u0456 (1 \u0434\u0432\u043e\u0441\u043f\u0430\u043b\u044c\u043d\u0435 \u043b\u0456\u0436\u043a\u043e + 1 \u043e\u0434\u043d\u043e\u0441\u043f\u0430\u043b\u044c\u043d\u0435 \u043b\u0456\u0436\u043a\u043e + \u0440\u043e\u0437\u043a\u043b\u0430\u0434\u043d\u0438\u0439 \u0434\u0438\u0432\u0430\u043d \u0430\u0431\u043e 3 \u043e\u0434\u043d\u043e\u0441\u043f\u0430\u043b\u044c\u043d\u0456 \u043b\u0456\u0436\u043a\u0430 + \u0440\u043e\u0437\u043a\u043b\u0430\u0434\u043d\u0438\u0439 \u0434\u0438\u0432\u0430\u043d)<\/td><td class=\"column-2\"><\/td><td class=\"column-3\"><\/td><td class=\"column-4\"><\/td><td class=\"column-5\"><\/td><td class=\"column-6\"><\/td><td class=\"column-7\"><\/td><td class=\"column-8\"><\/td><td class=\"column-9\"><\/td>\n<\/tr>\n<tr class=\"row-11\">\n\t<td class=\"column-1\">2 \u0430\u0441\u043c.<\/td><td class=\"column-2\">46<\/td><td class=\"column-3\">53<\/td><td class=\"column-4\">60<\/td><td class=\"column-5\">78<\/td><td class=\"column-6\">92<\/td><td class=\"column-7\">80<\/td><td class=\"column-8\">52<\/td><td class=\"column-9\">46<\/td>\n<\/tr>\n<tr class=\"row-12\">\n\t<td class=\"column-1\">3 \u0430\u0441\u043c.<\/td><td class=\"column-2\">48<\/td><td class=\"column-3\">55<\/td><td class=\"column-4\">62<\/td><td class=\"column-5\">80<\/td><td class=\"column-6\">94<\/td><td class=\"column-7\">82<\/td><td class=\"column-8\">54<\/td><td class=\"column-9\">48<\/td>\n<\/tr>\n<tr class=\"row-13\">\n\t<td class=\"column-1\">4 \u0430\u0441\u043c.<\/td><td class=\"column-2\">50<\/td><td class=\"column-3\">57<\/td><td class=\"column-4\">64<\/td><td class=\"column-5\">82<\/td><td class=\"column-6\">96<\/td><td class=\"column-7\">84<\/td><td class=\"column-8\">56<\/td><td class=\"column-9\">50<\/td>\n<\/tr>\n<tr class=\"row-14\">\n\t<td class=\"column-1\">5 \u0430\u0441\u043c.<\/td><td class=\"column-2\">53<\/td><td class=\"column-3\">60<\/td><td class=\"column-4\">67<\/td><td class=\"column-5\">85<\/td><td class=\"column-6\">99<\/td><td class=\"column-7\">87<\/td><td class=\"column-8\">59<\/td><td class=\"column-9\">53<\/td>\n<\/tr>\n<tr class=\"row-15\">\n\t<td class=\"column-1\">\u041d\u043e\u043c\u0435\u0440 \u0435\u043a\u043e\u043d\u043e\u043c-\u043a\u043b\u0430\u0441\u0443 \u0437 \u043e\u043a\u0440\u0435\u043c\u0438\u043c \u0432\u0438\u0445\u043e\u0434\u043e\u043c<\/td><td class=\"column-2\"><\/td><td class=\"column-3\"><\/td><td class=\"column-4\"><\/td><td class=\"column-5\"><\/td><td class=\"column-6\"><\/td><td class=\"column-7\"><\/td><td class=\"column-8\"><\/td><td class=\"column-9\"><\/td>\n<\/tr>\n<tr class=\"row-16\">\n\t<td class=\"column-1\">1 \u0430\u0441\u043c.<\/td><td class=\"column-2\">30<\/td><td class=\"column-3\">35<\/td><td class=\"column-4\">39<\/td><td class=\"column-5\">45<\/td><td class=\"column-6\">50<\/td><td class=\"column-7\">45<\/td><td class=\"column-8\">35<\/td><td class=\"column-9\">30<\/td>\n<\/tr>\n<\/tbody>\n<\/table>\n\n<\/div><!-- #tablepress-1 from cache -->\n\t\t<\/div>\n\t<\/div>\n\n\t<div class=\"wpb_text_column wpb_content_element  vc_custom_1632060721332\" >\n\t\t<div class=\"wpb_wrapper\">\n\t\t\t<h4 style=\"text-align: left;\"><strong>\u0406\u043d\u0444\u043e\u0440\u043c\u0430\u0446\u0456\u044f:<\/strong><\/h4>\n\n\t\t<\/div>\n\t<\/div>\n\n\t<div class=\"wpb_text_column wpb_content_element\" >\n\t\t<div class=\"wpb_wrapper\">\n\t\t\t<ul>\n<li><span style=\"color: #000000;\">\u0412\u043b\u0456\u0442\u043a\u0443 \u043f\u0440\u0438 \u0431\u0440\u043e\u043d\u044e\u0432\u0430\u043d\u043d\u0456 \u043c\u0435\u043d\u0448\u0435 \u043d\u0456\u0436 \u043d\u0430 4 \u043d\u043e\u0447\u0456 \u043c\u043e\u0436\u0443\u0442\u044c \u0437\u0430\u0441\u0442\u043e\u0441\u043e\u0432\u0443\u0432\u0430\u0442\u0438\u0441\u044f \u0432\u0438\u0449\u0456 \u0446\u0456\u043d\u0438, \u043d\u0456\u0436 \u0432\u043a\u0430\u0437\u0430\u043d\u0456 \u0432 \u0442\u0430\u0431\u043b\u0438\u0446\u0456 \u0446\u0456\u043d.<\/span><\/li>\n<li><span style=\"color: #000000;\">\u0414\u043e\u043f\u0443\u0441\u043a\u0430\u0454\u0442\u044c\u0441\u044f \u0440\u043e\u0437\u043c\u0456\u0449\u0435\u043d\u043d\u044f \u0437 \u0434\u043e\u043c\u0430\u0448\u043d\u0456\u043c\u0438 \u0442\u0432\u0430\u0440\u0438\u043d\u0430\u043c\u0438. \u0412\u0430\u0440\u0442\u0456\u0441\u0442\u044c \u043f\u0440\u043e\u0436\u0438\u0432\u0430\u043d\u043d\u044f \u0437 \u0434\u043e\u043c\u0430\u0448\u043d\u0456\u043c \u0443\u043b\u044e\u0431\u043b\u0435\u043d\u0446\u0435\u043c - 10 \u0454\u0432\u0440\u043e \u0437\u0430 \u043d\u0456\u0447.<\/span><\/li>\n<li><span style=\"color: #000000;\">\u0417\u0430\u0441\u0442\u0430\u0432\u0430 \u043d\u0435 \u043f\u043e\u0432\u0435\u0440\u0442\u0430\u0454\u0442\u044c\u0441\u044f \u0443 \u0440\u0430\u0437\u0456 \u043d\u0435\u0437\u0430\u0457\u0437\u0434\u0443 \u0430\u0431\u043e \u0441\u043a\u0430\u0441\u0443\u0432\u0430\u043d\u043d\u044f \u0431\u0440\u043e\u043d\u044e\u0432\u0430\u043d\u043d\u044f. \u0414\u0430\u0442\u0438 \u0431\u0440\u043e\u043d\u044e\u0432\u0430\u043d\u043d\u044f \u043d\u0435 \u043f\u0456\u0434\u043b\u044f\u0433\u0430\u044e\u0442\u044c \u0437\u043c\u0456\u043d\u0456.<\/span><\/li>\n<li><span style=\"color: #000000;\">\u0422\u0438\u0445\u0438\u0439 \u0447\u0430\u0441: 22.00 - 10.00.<\/span><\/li>\n<li><span style=\"color: #000000;\">\u0417\u0430\u0457\u0437\u0434: 15.00 - 21.00.<\/span><\/li>\n<li><span style=\"color: #000000;\">\u0412\u0438\u0441\u0435\u043b\u0435\u043d\u043d\u044f \u0434\u043e 12.00.<\/span><\/li>\n<li><span style=\"color: #000000;\">\u041e\u0440\u0435\u043d\u0434\u0430 \u0433\u0456\u0434\u0440\u043e\u043c\u0430\u0441\u0430\u0436\u043d\u043e\u0457 \u0432\u0430\u043d\u043d\u0438 \u043d\u0430 \u0432\u0435\u0447\u0456\u0440 - 80 \u0454\u0432\u0440\u043e.<\/span><\/li>\n<\/ul>\n\n\t\t<\/div>\n\t<\/div>\n<\/div><\/div><\/div><\/div>","protected":false},"excerpt":{"rendered":"\u201eSenoji Karkl\u0117\u201c (\u201eKarkle Beach Suites\u201c) apartament\u0173 nuomos kainos 2025-2026 metams Vieno miegamojo apartamentai su atskiru i\u0161\u0117jimu (1 dvigul\u0117 lova + 1 sofa-lova arba 2 viengul\u0117s lovos + 1 sofa-lova) iki 05.2205.22-06.1206.12-06.1906.19-07.0107.01-08.2308.23-08.3008.30-09.20nuo 09.20 EUREUREUREUREUREUREUREUR 2 asm.3540455575654035 3 asm.4045506080704540 4 asm.4550556585755045 Standartiniai apartamentai antrame auk\u0161te (1 dvigul\u0117 lova + 1 viengul\u0117 lova) 2 asm.3540455575654035 3 asm.4045506080704540 Dviej\u0173 [...]","protected":false},"author":1,"featured_media":0,"parent":0,"menu_order":0,"comment_status":"closed","ping_status":"closed","template":"","meta":[],"yst_prominent_words":[],"_links":{"self":[{"href":"https:\/\/senojikarkle.lt\/uk\/wp-json\/wp\/v2\/pages\/1539"}],"collection":[{"href":"https:\/\/senojikarkle.lt\/uk\/wp-json\/wp\/v2\/pages"}],"about":[{"href":"https:\/\/senojikarkle.lt\/uk\/wp-json\/wp\/v2\/types\/page"}],"author":[{"embeddable":true,"href":"https:\/\/senojikarkle.lt\/uk\/wp-json\/wp\/v2\/users\/1"}],"replies":[{"embeddable":true,"href":"https:\/\/senojikarkle.lt\/uk\/wp-json\/wp\/v2\/comments?post=1539"}],"version-history":[{"count":116,"href":"https:\/\/senojikarkle.lt\/uk\/wp-json\/wp\/v2\/pages\/1539\/revisions"}],"predecessor-version":[{"id":2874,"href":"https:\/\/senojikarkle.lt\/uk\/wp-json\/wp\/v2\/pages\/1539\/revisions\/2874"}],"wp:attachment":[{"href":"https:\/\/senojikarkle.lt\/uk\/wp-json\/wp\/v2\/media?parent=1539"}],"wp:term":[{"taxonomy":"yst_prominent_words","embeddable":true,"href":"https:\/\/senojikarkle.lt\/uk\/wp-json\/wp\/v2\/yst_prominent_words?post=1539"}],"curies":[{"name":"wp","href":"https:\/\/api.w.org\/{rel}","templated":true}]}}