{"id":403,"date":"2017-07-19T08:15:10","date_gmt":"2017-07-19T08:15:10","guid":{"rendered":"http:\/\/www.nicdarkthemes.com\/themes\/hotel\/wp\/demo\/?page_id=403"},"modified":"2025-12-12T22:44:06","modified_gmt":"2025-12-12T20:44:06","slug":"apie-mus","status":"publish","type":"page","link":"https:\/\/senojikarkle.lt\/ru\/\u043e-\u043d\u0430\u0441\/","title":{"rendered":"\u041e \u043d\u0430\u0441"},"content":{"rendered":"<div class=\"vc_row wpb_row vc_row-fluid vc_custom_1485860712352\"><div class=\"wpb_column vc_column_container vc_col-sm-8\"><div class=\"vc_column-inner\"><div class=\"wpb_wrapper\"><div style=\"background-color:; height: 30px;\" class=\"nicdark_section\"><\/div>\n\t<div class=\"wpb_text_column wpb_content_element\" >\n\t\t<div class=\"wpb_wrapper\">\n\t\t\t<p><span style=\"color: #000000;\">\u041e\u0442\u0435\u043b\u044c Karkle Beach Suites \u0440\u0430\u0441\u043f\u043e\u043b\u043e\u0436\u0435\u043d \u0432 300 \u043c\u0435\u0442\u0440\u0430\u0445 \u043e\u0442 \u043f\u043b\u044f\u0436\u0435\u0439 \u0414\u0430\u0442\u0447 \u041a\u0430\u043f \u0438 \u041a\u0430\u0440\u043a\u043b\u0435. \"Dutch Cap\" - \u043e\u0434\u043d\u043e \u0438\u0437 \u0441\u0430\u043c\u044b\u0445 \u043f\u043e\u0441\u0435\u0449\u0430\u0435\u043c\u044b\u0445 \u043b\u0438\u0442\u043e\u0432\u0441\u043a\u0438\u0445 \u043c\u043e\u0440\u0441\u043a\u0438\u0445 \u0442\u0443\u0440\u0438\u0441\u0442\u0438\u0447\u0435\u0441\u043a\u0438\u0445 \u043c\u0435\u0441\u0442.<\/span><\/p>\n<p>&nbsp;<\/p>\n<p><span style=\"color: #000000;\"><strong>\u041c\u044b \u043f\u0440\u0435\u0434\u043b\u0430\u0433\u0430\u0435\u043c \u043a\u0432\u0430\u0440\u0442\u0438\u0440\u044b:<\/strong><\/span><\/p>\n<ul>\n<li><span style=\"color: #000000;\">\u0421 \u043e\u0442\u0434\u0435\u043b\u044c\u043d\u044b\u043c \u0432\u0445\u043e\u0434\u043e\u043c \u043d\u0430 \u043f\u0435\u0440\u0432\u043e\u043c \u044d\u0442\u0430\u0436\u0435 (1 \u0434<\/span><span style=\"color: #000000;\">1 \u043e\u0434\u043d\u043e\u0441\u043f\u0430\u043b\u044c\u043d\u0430\u044f \u043a\u0440\u043e\u0432\u0430\u0442\u044c + 1 \u043e\u0434\u043d\u043e\u0441\u043f\u0430\u043b\u044c\u043d\u0430\u044f \u043a\u0440\u043e\u0432\u0430\u0442\u044c \u0438\u043b\u0438 3 \u043e\u0434\u043d\u043e\u0441\u043f\u0430\u043b\u044c\u043d\u044b\u0435 \u043a\u0440\u043e\u0432\u0430\u0442\u0438).<\/span><\/li>\n<li><span style=\"color: #000000;\">\u042d\u043a\u043e\u043d\u043e\u043c-\u043a\u043b\u0430\u0441\u0441 \u043d\u0430 \u043f\u0435\u0440\u0432\u043e\u043c \u044d\u0442\u0430\u0436\u0435.<\/span><\/li>\n<li><span style=\"color: #000000;\">\u0421\u0442\u0430\u043d\u0434\u0430\u0440\u0442\u043d\u044b\u0439 \u0432\u0435\u0440\u0445\u043d\u0438\u0439 \u044d\u0442\u0430\u0436 (1 \u0434\u0432\u0443\u0441\u043f\u0430\u043b\u044c\u043d\u0430\u044f \u043a\u0440\u043e\u0432\u0430\u0442\u044c \u0438\u043b\u0438 2 \u043e\u0434\u043d\u043e\u0441\u043f\u0430\u043b\u044c\u043d\u044b\u0435).<\/span><\/li>\n<li><span style=\"color: #000000;\">\u0414\u0432\u0443\u0445\u043a\u043e\u043c\u043d\u0430\u0442\u043d\u044b\u0435 \u0430\u043f\u0430\u0440\u0442\u0430\u043c\u0435\u043d\u0442\u044b \u043d\u0430 \u0432\u0442\u043e\u0440\u043e\u043c \u044d\u0442\u0430\u0436\u0435 (1 \u0434\u0432\u0443\u0441\u043f\u0430\u043b\u044c\u043d\u0430\u044f \u043a\u0440\u043e\u0432\u0430\u0442\u044c + 1 \u043e\u0434\u043d\u043e\u0441\u043f\u0430\u043b\u044c\u043d\u0430\u044f \u043a\u0440\u043e\u0432\u0430\u0442\u044c + 1 \u0434\u0438\u0432\u0430\u043d-\u043a\u0440\u043e\u0432\u0430\u0442\u044c \u0438\u043b\u0438 3 \u043e\u0434\u043d\u043e\u0441\u043f\u0430\u043b\u044c\u043d\u044b\u0435 \u043a\u0440\u043e\u0432\u0430\u0442\u0438 + 1 \u0434\u0438\u0432\u0430\u043d-\u043a\u0440\u043e\u0432\u0430\u0442\u044c).<\/span><\/li>\n<\/ul>\n<p><span style=\"color: #000000;\"><strong>\u0412 \u043a\u0430\u0436\u0434\u043e\u0439 \u043a\u0432\u0430\u0440\u0442\u0438\u0440\u0435 \u0435\u0441\u0442\u044c \u0432\u0441\u0435 \u0443\u0434\u043e\u0431\u0441\u0442\u0432\u0430:<\/strong><\/span><\/p>\n<ul>\n<li><span style=\"color: #000000;\">\u041a\u0443\u0445\u043d\u044f: \u0432\u0430\u0440\u043e\u0447\u043d\u0430\u044f \u043f\u0430\u043d\u0435\u043b\u044c, \u0434\u0443\u0445\u043e\u0432\u043a\u0430, \u043c\u0438\u043a\u0440\u043e\u0432\u043e\u043b\u043d\u043e\u0432\u0430\u044f \u043f\u0435\u0447\u044c, \u044d\u043b\u0435\u043a\u0442\u0440\u0438\u0447\u0435\u0441\u043a\u0438\u0439 \u0447\u0430\u0439\u043d\u0438\u043a, \u0445\u043e\u043b\u043e\u0434\u0438\u043b\u044c\u043d\u0438\u043a, \u043a\u0443\u0445\u043e\u043d\u043d\u044b\u0435 \u043f\u0440\u0438\u043d\u0430\u0434\u043b\u0435\u0436\u043d\u043e\u0441\u0442\u0438.<\/span><\/li>\n<li><span style=\"color: #000000;\">\u0414\u0443\u0448, \u0441\u0442\u0438\u0440\u0430\u043b\u044c\u043d\u0430\u044f \u043c\u0430\u0448\u0438\u043d\u0430, \u0442\u0443\u0430\u043b\u0435\u0442, \u043f\u043e\u043b\u043e\u0442\u0435\u043d\u0446\u0430, \u0444\u0435\u043d, \u0442\u0443\u0430\u043b\u0435\u0442\u043d\u0430\u044f \u0431\u0443\u043c\u0430\u0433\u0430.<\/span><\/li>\n<li><span style=\"color: #000000;\">\u0428\u043a\u0430\u0444, \u0442\u0435\u043b\u0435\u0432\u0438\u0437\u043e\u0440 \u0441 Netflix, \u0441\u043f\u0443\u0442\u043d\u0438\u043a\u043e\u0432\u043e\u0435 \u0442\u0435\u043b\u0435\u0432\u0438\u0434\u0435\u043d\u0438\u0435.<\/span><\/li>\n<li><span style=\"color: #000000;\">\u041f\u043e\u043b \u0441 \u043f\u043e\u0434\u043e\u0433\u0440\u0435\u0432\u043e\u043c, \u043c\u0435\u0431\u0435\u043b\u044c \u043d\u0430 \u043e\u0442\u043a\u0440\u044b\u0442\u043e\u043c \u0432\u043e\u0437\u0434\u0443\u0445\u0435.<\/span><\/li>\n<li><span style=\"color: #000000;\">\u0411\u0435\u0441\u043f\u043b\u0430\u0442\u043d\u044b\u0439 WiFi.<\/span><\/li>\n<li><span style=\"color: #000000;\">\u0410\u043f\u0430\u0440\u0442\u0430\u043c\u0435\u043d\u0442\u044b \u043f\u0440\u0435\u0434\u043b\u0430\u0433\u0430\u044e\u0442\u0441\u044f \u0441 \u0434\u0432\u0443\u0441\u043f\u0430\u043b\u044c\u043d\u044b\u043c\u0438 \u0438\u043b\u0438 \u043e\u0434\u043d\u043e\u0441\u043f\u0430\u043b\u044c\u043d\u044b\u043c\u0438 \u043a\u0440\u043e\u0432\u0430\u0442\u044f\u043c\u0438.<\/span><\/li>\n<\/ul>\n<p><span style=\"color: #000000;\"><strong>\u0423\u0441\u043b\u0443\u0433\u0438 \u0438 \u0440\u0430\u0437\u0432\u043b\u0435\u0447\u0435\u043d\u0438\u044f:<\/strong><\/span><\/p>\n<ul>\n<li><span style=\"color: #000000;\">\u0414\u043e\u043c\u0430\u0448\u043d\u0438\u0435 \u0436\u0438\u0432\u043e\u0442\u043d\u044b\u0435 \u043f\u0440\u0438\u0432\u0435\u0442\u0441\u0442\u0432\u0443\u044e\u0442\u0441\u044f. \u0426\u0435\u043d\u0430 \u0437\u0430 \u043e\u0434\u043d\u043e\u0433\u043e \u043f\u0438\u0442\u043e\u043c\u0446\u0430 - 10 \u20ac\/\u043d\u043e\u0447\u044c.<\/span><\/li>\n<li><span style=\"color: #000000;\">\u0420\u0435\u0433\u0438\u0441\u0442\u0440\u0430\u0446\u0438\u044f: 15:00 - 21:00.<\/span><\/li>\n<li><span style=\"color: #000000;\">\u0412\u044b\u0435\u0437\u0434: \u0434\u043e 12:00 (\u043f\u043e\u0437\u0434\u043d\u0438\u0439 \u0437\u0430\u0435\u0437\u0434 \u0432\u043e\u0437\u043c\u043e\u0436\u0435\u043d \u043f\u043e \u0434\u043e\u0433\u043e\u0432\u043e\u0440\u0435\u043d\u043d\u043e\u0441\u0442\u0438).<\/span><\/li>\n<li><span style=\"color: #000000;\">\u041a \u0443\u0441\u043b\u0443\u0433\u0430\u043c \u0433\u043e\u0441\u0442\u0435\u0439 \u0431\u0435\u0441\u043f\u043b\u0430\u0442\u043d\u044b\u0439 \u043d\u0430\u0441\u0442\u043e\u043b\u044c\u043d\u044b\u0439 \u0442\u0435\u043d\u043d\u0438\u0441.<\/span><\/li>\n<li><span style=\"color: #000000;\">\u0411\u0435\u0441\u043f\u043b\u0430\u0442\u043d\u044b\u0435 \u0432\u0435\u043b\u043e\u0441\u0438\u043f\u0435\u0434\u044b (\u0438\u044e\u043d\u044c - \u0441\u0435\u043d\u0442\u044f\u0431\u0440\u044c).<\/span><\/li>\n<li><span style=\"color: #000000;\">\u0411\u0435\u0441\u043f\u043b\u0430\u0442\u043d\u043e\u0435 \u043f\u043e\u043b\u044c\u0437\u043e\u0432\u0430\u043d\u0438\u0435 \u0433\u0440\u0438\u043b\u044f\u043c\u0438 \u0434\u043b\u044f \u0431\u0430\u0440\u0431\u0435\u043a\u044e \u0438 \u0434\u0440\u043e\u0432\u0430\u043c\u0438.<\/span><\/li>\n<li><span style=\"color: #000000;\">\u041c\u044b \u043f\u0440\u0435\u0434\u043b\u0430\u0433\u0430\u0435\u043c \u0433\u0438\u0434\u0440\u043e\u043c\u0430\u0441\u0441\u0430\u0436\u043d\u0443\u044e \u0432\u0430\u043d\u043d\u0443 - \u20ac 80\/\u0432\u0435\u0447\u0435\u0440.<\/span><\/li>\n<\/ul>\n<p><span style=\"color: #000000;\"><strong>\u041c\u0435\u0441\u0442\u0430 \u043f\u0438\u0442\u0430\u043d\u0438\u044f \u0438 \u0440\u0430\u0437\u0432\u043b\u0435\u0447\u0435\u043d\u0438\u0439:<\/strong><\/span><\/p>\n<ul>\n<li><span style=\"color: #000000;\">\u0412 30 \u043c\u0435\u0442\u0440\u0430\u0445 \u043e\u0442 \u043a\u0430\u0444\u0435 \u017dvejo Sodyba (\u0447\u0430\u0441\u044b \u0440\u0430\u0431\u043e\u0442\u044b: 11:00 - 22:00, \u043c\u0430\u0439 - \u043e\u043a\u0442\u044f\u0431\u0440\u044c).<\/span><\/li>\n<li><span style=\"color: #000000;\">\u0421\u0435\u043c\u0435\u0439\u043d\u044b\u0439 \u0440\u0435\u0441\u0442\u043e\u0440\u0430\u043d La Siesta \u043d\u0430\u0445\u043e\u0434\u0438\u0442\u0441\u044f \u0432 600 \u043c\u0435\u0442\u0440\u0430\u0445 \u043e\u0442 \u043e\u0442\u0435\u043b\u044f (\u0447\u0430\u0441\u044b \u0440\u0430\u0431\u043e\u0442\u044b: 09:30 - 22:00, \u043c\u0430\u0439 - \u0441\u0435\u043d\u0442\u044f\u0431\u0440\u044c).<\/span><\/li>\n<\/ul>\n\n\t\t<\/div>\n\t<\/div>\n<div style=\"background-color:; height: px;\" class=\"nicdark_section\"><\/div>\n<div class=\"vc_grid-container-wrapper vc_clearfix\">\n\t<div class=\"vc_grid-container vc_clearfix wpb_content_element vc_media_grid\" data-initial-loading-animation=\"fadeIn\" data-vc-grid-settings=\"{&quot;page_id&quot;:403,&quot;style&quot;:&quot;all&quot;,&quot;action&quot;:&quot;vc_get_vc_grid_data&quot;,&quot;shortcode_id&quot;:&quot;1765572231021-02ae355a26b6d9cc44b5f1b816ec0870-0&quot;,&quot;tag&quot;:&quot;vc_media_grid&quot;}\" data-vc-request=\"https:\/\/senojikarkle.lt\/wp-admin\/admin-ajax.php\" data-vc-post-id=\"403\" data-vc-public-nonce=\"fe61026b53\">\n\t\t\n\t<\/div>\n<\/div><\/div><\/div><\/div><div class=\"wpb_column vc_column_container vc_col-sm-4\"><div class=\"vc_column-inner vc_custom_1485856159511\"><div class=\"wpb_wrapper\"><div class=\"vc_row wpb_row vc_inner vc_row-fluid\"><div class=\"wpb_column vc_column_container vc_col-sm-12 vc_col-has-fill\"><div class=\"vc_column-inner vc_custom_1506496554928\"><div class=\"wpb_wrapper\">\n\n    <div class=\"nd_options_section nd_options_position_relative\">\n\n        <img style=\"top:px;\" alt=\"\" class=\"nd_options_position_absolute nd_options_left_0\" width=\"30\" src=\"https:\/\/senojikarkle.lt\/wp-content\/uploads\/2017\/07\/icon-checked-white.png\">\n\n        <div style=\"padding-left:50px;\" class=\"nd_options_section nd_options_box_sizing_border_box\">\n            \n            <h3 class=\"nd_options_second_font nd_options_letter_spacing_2 nd_options_font_weight_lighter\" style=\"margin:0px 0px 3px 0px; color:#ffffff; font-size:13px;line-height:13px;\">\u0410\u0414\u0420\u0415\u0421<\/h3> \n            <p class=\"nd_options_second_font\" style=\"margin:0px; color:#ffffff; font-size:14px;line-height:24px;\">Placio g. 40, Karkle<\/p> \n            \n\n        <\/div>\n\n    <\/div>\n\n  <div style=\"background-color:; height: 30px;\" class=\"nicdark_section\"><\/div>\n\n    <div class=\"nd_options_section nd_options_position_relative\">\n\n        <img style=\"top:px;\" alt=\"\" class=\"nd_options_position_absolute nd_options_left_0\" width=\"30\" src=\"https:\/\/senojikarkle.lt\/wp-content\/uploads\/2017\/07\/icon-checked-white.png\">\n\n        <div style=\"padding-left:50px;\" class=\"nd_options_section nd_options_box_sizing_border_box\">\n            \n            <h3 class=\"nd_options_second_font nd_options_letter_spacing_2 nd_options_font_weight_lighter\" style=\"margin:0px 0px 3px 0px; color:#ffffff; font-size:13px;line-height:13px;\">MOB. \u0422\u0415\u041b\u0415\u0424\u041e\u041d<\/h3> \n            <p class=\"nd_options_second_font\" style=\"margin:0px; color:#ffffff; font-size:14px;line-height:24px;\">+37067595030<\/p> \n            \n\n        <\/div>\n\n    <\/div>\n\n  <div style=\"background-color:; height: 30px;\" class=\"nicdark_section\"><\/div>\n\n    <div class=\"nd_options_section nd_options_position_relative\">\n\n        <img style=\"top:px;\" alt=\"\" class=\"nd_options_position_absolute nd_options_left_0\" width=\"30\" src=\"https:\/\/senojikarkle.lt\/wp-content\/uploads\/2017\/07\/icon-checked-white.png\">\n\n        <div style=\"padding-left:50px;\" class=\"nd_options_section nd_options_box_sizing_border_box\">\n            \n            <h3 class=\"nd_options_second_font nd_options_letter_spacing_2 nd_options_font_weight_lighter\" style=\"margin:0px 0px 3px 0px; color:#ffffff; font-size:13px;line-height:13px;\">EL. EMAIL<\/h3> \n            <p class=\"nd_options_second_font\" style=\"margin:0px; color:#ffffff; font-size:14px;line-height:24px;\">senojikarkle@gmail.com<\/p> \n            \n\n        <\/div>\n\n    <\/div>\n\n  <\/div><\/div><\/div><\/div><div style=\"background-color:; height: 30px;\" class=\"nicdark_section\"><\/div> <h6 style=\"color:#878787; padding:px; text-align:center; font-size:12px; line-height:12px; letter-spacing: 2px; font-weight:lighter;\" class=\"nd_options_second_font\">\u041a\u041e\u041d\u0422\u0410\u041a\u0422<\/h6> <div style=\"background-color:; height: 30px;\" class=\"nicdark_section\"><\/div>\n    <div class=\"nd_options_section nd_options_line_height_0  nd_options_text_align_center\">\n        <span style=\"height:1px; width:30px; background-color:#878787;\" class=\"nd_options_display_inline_block\"><\/span>\n    <\/div>\n   <div style=\"background-color:; height: 30px;\" class=\"nicdark_section\"><\/div> <h1 style=\"color:; padding:px; text-align:center; font-size:25px; line-height:30px; letter-spacing: px; font-weight:normal;\" class=\"nd_options_first_font\">\u0421\u0434\u0435\u043b\u0430\u0442\u044c \u0437\u0430\u043f\u0440\u043e\u0441<\/h1> <div style=\"background-color:; height: 30px;\" class=\"nicdark_section\"><\/div>\n\n    <style>\n\n    #nd_options_shortcode_cf7_1468 input[type=\"text\"],\n    #nd_options_shortcode_cf7_1468 input[type=\"email\"],\n    #nd_options_shortcode_cf7_1468 input[type=\"url\"],\n    #nd_options_shortcode_cf7_1468 input[type=\"tel\"],\n    #nd_options_shortcode_cf7_1468 input[type=\"number\"],\n    #nd_options_shortcode_cf7_1468 input[type=\"date\"],\n    #nd_options_shortcode_cf7_1468 input[type=\"checkbox\"],\n    #nd_options_shortcode_cf7_1468 input[type=\"file\"],\n    #nd_options_shortcode_cf7_1468 textarea,\n    #nd_options_shortcode_cf7_1468 label,\n    #nd_options_shortcode_cf7_1468 select\n    {\n\n      width: 100%;\n\n    }\n\n\n    .nd_options_customizer_forms span.wpcf7-not-valid-tip,\n    .nd_options_customizer_forms .wpcf7-response-output.wpcf7-validation-errors,\n    .nd_options_customizer_forms .wpcf7-response-output.wpcf7-mail-sent-ok\n    {\n\n      float: left;\n      width: 100%;\n      box-sizing: border-box;\n\n    }\n\n    <\/style>\n\n  \n\n    <!--start form-->\n    <div id=\"nd_options_shortcode_cf7_1468\" class=\"nd_options_section\">\n      \n      <div class=\"nd_options_section nd_options_box_sizing_border_box\">\n        <div role=\"form\" class=\"wpcf7\" id=\"wpcf7-f1468-o1\" lang=\"lt-LT\" dir=\"ltr\">\n<div class=\"screen-reader-response\"><p role=\"status\" aria-live=\"polite\" aria-atomic=\"true\"><\/p> <ul><\/ul><\/div>\n<form action=\"\/ru\/wp-json\/wp\/v2\/pages\/403#wpcf7-f1468-o1\" method=\"post\" class=\"wpcf7-form init\" novalidate=\"novalidate\" data-status=\"init\" data-trp-original-action=\"\/ru\/wp-json\/wp\/v2\/pages\/403#wpcf7-f1468-o1\">\n<div style=\"display: none;\">\n<input type=\"hidden\" name=\"_wpcf7\" value=\"1468\" \/>\n<input type=\"hidden\" name=\"_wpcf7_version\" value=\"5.4.1\" \/>\n<input type=\"hidden\" name=\"_wpcf7_locale\" value=\"lt_LT\" \/>\n<input type=\"hidden\" name=\"_wpcf7_unit_tag\" value=\"wpcf7-f1468-o1\" \/>\n<input type=\"hidden\" name=\"_wpcf7_container_post\" value=\"0\" \/>\n<input type=\"hidden\" name=\"_wpcf7_posted_data_hash\" value=\"\" \/>\n<input type=\"hidden\" name=\"_wpcf7_recaptcha_response\" value=\"\" \/>\n<\/div>\n<p><label> \u0412\u0430\u0448\u0435 \u0438\u043c\u044f (\u043e\u0431\u044f\u0437\u0430\u0442\u0435\u043b\u044c\u043d\u043e)<br \/>\n    <span class=\"wpcf7-form-control-wrap your-name\"><input type=\"text\" name=\"your-name\" value=\"\" size=\"40\" class=\"wpcf7-form-control wpcf7-text wpcf7-validates-as-required\" aria-required=\"true\" aria-invalid=\"false\" \/><\/span> <\/label><\/p>\n<p><label> \u0412\u0430\u0448 \u0430\u0434\u0440\u0435\u0441 \u044d\u043b\u0435\u043a\u0442\u0440\u043e\u043d\u043d\u043e\u0439 \u043f\u043e\u0447\u0442\u044b (\u043e\u0431\u044f\u0437\u0430\u0442\u0435\u043b\u044c\u043d\u043e)<br \/>\n    <span class=\"wpcf7-form-control-wrap your-email\"><input type=\"email\" name=\"your-email\" value=\"\" size=\"40\" class=\"wpcf7-form-control wpcf7-text wpcf7-email wpcf7-validates-as-required wpcf7-validates-as-email\" aria-required=\"true\" aria-invalid=\"false\" \/><\/span> <\/label><\/p>\n<p><label> \u0422\u0435\u043b\u0435\u0444\u043e\u043d<br \/>\n    <span class=\"wpcf7-form-control-wrap your-phone\"><input type=\"tel\" name=\"your-phone\" value=\"\" size=\"40\" class=\"wpcf7-form-control wpcf7-text wpcf7-tel wpcf7-validates-as-tel\" aria-invalid=\"false\" \/><\/span> <\/label><\/p>\n<p><label> \u041a\u043e\u043b\u0438\u0447\u0435\u0441\u0442\u0432\u043e \u043f\u0440\u0438\u0431\u044b\u0442\u0438\u0439 (\u043e\u0431\u044f\u0437\u0430\u0442\u0435\u043b\u044c\u043d\u043e)<br \/>\n    <span class=\"wpcf7-form-control-wrap your-people\"><input type=\"text\" name=\"your-people\" value=\"\" size=\"40\" class=\"wpcf7-form-control wpcf7-text wpcf7-validates-as-required\" aria-required=\"true\" aria-invalid=\"false\" \/><\/span> <\/label><\/p>\n<p><label> \u0414\u0430\u0442\u0430 \u043f\u0440\u0438\u0431\u044b\u0442\u0438\u044f (\u043e\u0431\u044f\u0437\u0430\u0442\u0435\u043b\u044c\u043d\u043e)<br \/>\n    <span class=\"wpcf7-form-control-wrap your-arrival\"><input type=\"date\" name=\"your-arrival\" value=\"\" class=\"wpcf7-form-control wpcf7-date wpcf7-validates-as-required wpcf7-validates-as-date\" aria-required=\"true\" aria-invalid=\"false\" \/><\/span> <\/label><\/p>\n<p><label> \u0414\u0430\u0442\u0430 \u043e\u0442\u044a\u0435\u0437\u0434\u0430 (\u043e\u0431\u044f\u0437\u0430\u0442\u0435\u043b\u044c\u043d\u043e)<br \/>\n    <span class=\"wpcf7-form-control-wrap your-departure\"><input type=\"date\" name=\"your-departure\" value=\"\" class=\"wpcf7-form-control wpcf7-date wpcf7-validates-as-required wpcf7-validates-as-date\" aria-required=\"true\" aria-invalid=\"false\" \/><\/span> <\/label><\/p>\n<p><label> \u0412\u0430\u0448\u0435 \u0441\u043e\u043e\u0431\u0449\u0435\u043d\u0438\u0435, \u0432\u043e\u043f\u0440\u043e\u0441\u044b<br \/>\n    <span class=\"wpcf7-form-control-wrap your-message\"><textarea name=\"your-message\" cols=\"40\" rows=\"10\" class=\"wpcf7-form-control wpcf7-textarea\" aria-invalid=\"false\"><\/textarea><\/span> <\/label><\/p>\n<p><input type=\"submit\" value=\"\u041e\u0442\u043f\u0440\u0430\u0432\u043b\u044f\u0442\u044c\" class=\"wpcf7-form-control wpcf7-submit\" \/><\/p>\n<div class=\"wpcf7-response-output\" aria-hidden=\"true\"><\/div><input type=\"hidden\" name=\"trp-form-language\" value=\"ru\"\/><\/form><\/div> \n      <\/div>  \n\n    <\/div>\n    <!--end form-->\n\n   <\/div><\/div><\/div><\/div>","protected":false},"excerpt":{"rendered":"Apartament\u0173 kompleksas \u201eSenoji Karkl\u0117\u201c (\u201eKarkle Beach Suites\u201c) \u012fsik\u016br\u0119s 300 m iki \u201eOland\u0173 kepur\u0117s\u201c ir Karkl\u0117s papl\u016bdimi\u0173. \u201eOland\u0173 kepur\u0117s\u201c skardis \u2013 viena lankomiausi\u0173 Lietuvos paj\u016brio turistini\u0173 viet\u0173. &nbsp; Si\u016blome apartamentus: Su atskiru \u012f\u0117jimu pirmame auk\u0161te (1 dvigul\u0117 lova + 1 viengul\u0117 lova arba 3 viengul\u0117s lovos). Ekonomin\u0117s klas\u0117s pirmame auk\u0161te. Standartiniai antrame auk\u0161te (1 dvigul\u0117 lova [...]","protected":false},"author":1,"featured_media":0,"parent":0,"menu_order":0,"comment_status":"closed","ping_status":"closed","template":"","meta":[],"yst_prominent_words":[30,38,28,27,31,29,45],"_links":{"self":[{"href":"https:\/\/senojikarkle.lt\/ru\/wp-json\/wp\/v2\/pages\/403"}],"collection":[{"href":"https:\/\/senojikarkle.lt\/ru\/wp-json\/wp\/v2\/pages"}],"about":[{"href":"https:\/\/senojikarkle.lt\/ru\/wp-json\/wp\/v2\/types\/page"}],"author":[{"embeddable":true,"href":"https:\/\/senojikarkle.lt\/ru\/wp-json\/wp\/v2\/users\/1"}],"replies":[{"embeddable":true,"href":"https:\/\/senojikarkle.lt\/ru\/wp-json\/wp\/v2\/comments?post=403"}],"version-history":[{"count":34,"href":"https:\/\/senojikarkle.lt\/ru\/wp-json\/wp\/v2\/pages\/403\/revisions"}],"predecessor-version":[{"id":2873,"href":"https:\/\/senojikarkle.lt\/ru\/wp-json\/wp\/v2\/pages\/403\/revisions\/2873"}],"wp:attachment":[{"href":"https:\/\/senojikarkle.lt\/ru\/wp-json\/wp\/v2\/media?parent=403"}],"wp:term":[{"taxonomy":"yst_prominent_words","embeddable":true,"href":"https:\/\/senojikarkle.lt\/ru\/wp-json\/wp\/v2\/yst_prominent_words?post=403"}],"curies":[{"name":"wp","href":"https:\/\/api.w.org\/{rel}","templated":true}]}}