{"id":897,"date":"2017-08-24T07:22:04","date_gmt":"2017-08-24T07:22:04","guid":{"rendered":"http:\/\/www.nicdarkthemes.com\/themes\/hotel\/wp\/demo\/hotel\/?page_id=897"},"modified":"2025-10-05T16:18:23","modified_gmt":"2025-10-05T14:18:23","slug":"home-6","status":"publish","type":"page","link":"https:\/\/senojikarkle.lt\/en\/","title":{"rendered":"Home"},"content":{"rendered":"<div class=\"vc_row wpb_row vc_row-fluid\"><div class=\"wpb_column vc_column_container vc_col-sm-12\"><div class=\"vc_column-inner\"><div class=\"wpb_wrapper\">\n\t\t\t<!-- START Home 6 REVOLUTION SLIDER 6.6.20 --><p class=\"rs-p-wp-fix\"><\/p>\n\t\t\t<rs-module-wrap id=\"rev_slider_10_1_wrapper\" data-source=\"gallery\" style=\"visibility:hidden;background:#444444;padding:0;\">\n\t\t\t\t<rs-module id=\"rev_slider_10_1\" style=\"\" data-version=\"6.6.20\">\n\t\t\t\t\t<rs-slides style=\"overflow: hidden; position: absolute;\">\n\t\t\t\t\t\t<rs-slide style=\"position: absolute;\" data-key=\"rs-28\" data-title=\"Video\" data-anim=\"e:slidingoverlay;ms:2000;\" data-in=\"o:1;x:(100%);\" data-out=\"a:false;\">\n\t\t\t\t\t\t\t<img src=\"\/\/senojikarkle.lt\/wp-content\/plugins\/revslider\/public\/assets\/assets\/dummy.png\" alt=\"\" title=\"Home\" class=\"rev-slidebg tp-rs-img rs-lazyload\" data-lazyload=\"\/\/senojikarkle.lt\/wp-content\/uploads\/2019\/05\/k13.jpg\" data-parallax=\"5\" data-no-retina>\n<!--\n\t\t\t\t\t\t\t--><rs-layer\n\t\t\t\t\t\t\t\tid=\"slider-10-slide-28-layer-1\" \n\t\t\t\t\t\t\t\tclass=\"tp-shape tp-shapewrapper\"\n\t\t\t\t\t\t\t\tdata-type=\"shape\"\n\t\t\t\t\t\t\t\tdata-xy=\"x:c;y:m;\"\n\t\t\t\t\t\t\t\tdata-text=\"fw:900;\"\n\t\t\t\t\t\t\t\tdata-dim=\"w:100%;h:100%;\"\n\t\t\t\t\t\t\t\tdata-basealign=\"slide\"\n\t\t\t\t\t\t\t\tdata-rsp_o=\"off\"\n\t\t\t\t\t\t\t\tdata-rsp_bd=\"off\"\n\t\t\t\t\t\t\t\tdata-frame_1=\"e:power2.inOut;sp:1000;sR:10;\"\n\t\t\t\t\t\t\t\tdata-frame_999=\"o:1;st:w;\"\n\t\t\t\t\t\t\t\tstyle=\"z-index:6;background-color:rgba(0,0,0,0.25);\"\n\t\t\t\t\t\t\t> \n\t\t\t\t\t\t\t<\/rs-layer><!--\n\n\t\t\t\t\t\t\t--><rs-layer\n\t\t\t\t\t\t\t\tid=\"slider-10-slide-28-layer-2\" \n\t\t\t\t\t\t\t\tclass=\"rs-pxl-2\"\n\t\t\t\t\t\t\t\tdata-type=\"text\"\n\t\t\t\t\t\t\t\tdata-color=\"rgba(255, 255, 255, 1)\"\n\t\t\t\t\t\t\t\tdata-rsp_ch=\"on\"\n\t\t\t\t\t\t\t\tdata-xy=\"x:c;y:m;yo:-200px,-201px,-200px,-200px;\"\n\t\t\t\t\t\t\t\tdata-text=\"w:nowrap,nowrap,nowrap,normal;s:70,70,50,40;l:70,70,50,40;ls:10px,10px,10px,5px;fw:100;a:center;\"\n\t\t\t\t\t\t\t\tdata-dim=\"w:auto,auto,auto,400px;\"\n\t\t\t\t\t\t\t\tdata-padding=\"b:10;\"\n\t\t\t\t\t\t\t\tdata-frame_0=\"sX:0.9;sY:0.9;\"\n\t\t\t\t\t\t\t\tdata-frame_1=\"st:1699.9996948242;sp:1500;sR:1699.9996948242;\"\n\t\t\t\t\t\t\t\tdata-frame_999=\"o:1;st:w;sR:5801;\"\n\t\t\t\t\t\t\t\tstyle=\"z-index:8;font-family:'Roboto';\"\n\t\t\t\t\t\t\t>\"SENOJI KARKL\u0116\" \n\t\t\t\t\t\t\t<\/rs-layer><!--\n\n\t\t\t\t\t\t\t--><rs-layer\n\t\t\t\t\t\t\t\tid=\"slider-10-slide-28-layer-4\" \n\t\t\t\t\t\t\t\tclass=\"rs-pxl-2\"\n\t\t\t\t\t\t\t\tdata-type=\"text\"\n\t\t\t\t\t\t\t\tdata-rsp_ch=\"on\"\n\t\t\t\t\t\t\t\tdata-xy=\"x:c;xo:1px,1px,1px,0;y:m;yo:-292px,-289px,-278px,-266px;\"\n\t\t\t\t\t\t\t\tdata-text=\"s:15,14,12,15;l:20,14,12,10;ls:3px;fw:300;\"\n\t\t\t\t\t\t\t\tdata-padding=\"b:10;\"\n\t\t\t\t\t\t\t\tdata-frame_0=\"sX:0.9;sY:0.9;\"\n\t\t\t\t\t\t\t\tdata-frame_1=\"st:1499.9996948242;sp:1500;sR:1499.9996948242;\"\n\t\t\t\t\t\t\t\tdata-frame_999=\"o:1;st:w;sR:6001;\"\n\t\t\t\t\t\t\t\tstyle=\"z-index:7;font-family:'Roboto';\"\n\t\t\t\t\t\t\t>ADULT APARTMENTS IN KARKELE, 300m from the shopping centre \n\t\t\t\t\t\t\t<\/rs-layer><!--\n\n\t\t\t\t\t\t\t--><rs-layer\n\t\t\t\t\t\t\t\tid=\"slider-10-slide-28-layer-5\" \n\t\t\t\t\t\t\t\tclass=\"tp-shape tp-shapewrapper rs-pxl-2\"\n\t\t\t\t\t\t\t\tdata-type=\"shape\"\n\t\t\t\t\t\t\t\tdata-rsp_ch=\"on\"\n\t\t\t\t\t\t\t\tdata-xy=\"x:c;y:m;yo:-150px,-150px,-163px,-160px;\"\n\t\t\t\t\t\t\t\tdata-dim=\"w:80px;h:2px;\"\n\t\t\t\t\t\t\t\tdata-frame_0=\"x:175%;o:1;\"\n\t\t\t\t\t\t\t\tdata-frame_0_mask=\"u:t;x:-100%;\"\n\t\t\t\t\t\t\t\tdata-frame_1=\"e:power3.out;st:1899.9996948242;sp:1500;sR:1899.9996948242;\"\n\t\t\t\t\t\t\t\tdata-frame_1_mask=\"u:t;\"\n\t\t\t\t\t\t\t\tdata-frame_999=\"o:1;st:w;sR:5601;\"\n\t\t\t\t\t\t\t\tstyle=\"z-index:9;background-color:rgba(255,255,255,1);\"\n\t\t\t\t\t\t\t> \n\t\t\t\t\t\t\t<\/rs-layer><!--\n\n\t\t\t\t\t\t\t--><a\n\t\t\t\t\t\t\t\tid=\"slider-10-slide-28-layer-12\" \n\t\t\t\t\t\t\t\tclass=\"rs-layer rs-pxl-2\"\n\t\t\t\t\t\t\t\thref=\"https:\/\/senojikarkle.lt\/en\/enquiry\/\" target=\"_self\"\n\t\t\t\t\t\t\t\tdata-type=\"text\"\n\t\t\t\t\t\t\t\tdata-color=\"rgba(255, 255, 255, 1)\"\n\t\t\t\t\t\t\t\tdata-xy=\"x:c;yo:318px,270px,357px,226px;\"\n\t\t\t\t\t\t\t\tdata-text=\"s:11;l:11;ls:2px;fw:900,700,700,700;a:center;\"\n\t\t\t\t\t\t\t\tdata-rsp_bd=\"off\"\n\t\t\t\t\t\t\t\tdata-padding=\"t:15;r:35;b:15;l:35;\"\n\t\t\t\t\t\t\t\tdata-frame_0=\"sX:0.9;sY:0.9;\"\n\t\t\t\t\t\t\t\tdata-frame_1=\"st:2299.9996948242;sp:1000;sR:2299.9996948242;\"\n\t\t\t\t\t\t\t\tdata-frame_999=\"o:1;st:w;sR:5701;\"\n\t\t\t\t\t\t\t\tdata-loop_0=\"y:10;\"\n\t\t\t\t\t\t\t\tdata-loop_999=\"sp:2000;e:power1.inOut;yym:t;yys:t;yyf:t;\"\n\t\t\t\t\t\t\t\tstyle=\"z-index:10;background-color:#6b6978;font-family:'Roboto';cursor:pointer;\"\n\t\t\t\t\t\t\t>MAKE AN ENQUIRY \n\t\t\t\t\t\t\t<\/a><!--\n\n\t\t\t\t\t\t\t--><rs-layer\n\t\t\t\t\t\t\t\tid=\"slider-10-slide-28-layer-14\" \n\t\t\t\t\t\t\t\tclass=\"rs-pxl-2\"\n\t\t\t\t\t\t\t\tdata-type=\"text\"\n\t\t\t\t\t\t\t\tdata-rsp_ch=\"on\"\n\t\t\t\t\t\t\t\tdata-xy=\"x:c;xo:0,-1px,-1px,-1px;y:m;yo:-38px,-17px,-32px,-39px;\"\n\t\t\t\t\t\t\t\tdata-text=\"s:10,14,12,12;l:20,14,12,12;ls:3px;fw:300;\"\n\t\t\t\t\t\t\t\tdata-padding=\"b:10;\"\n\t\t\t\t\t\t\t\tdata-frame_0=\"sX:0.9;sY:0.9;\"\n\t\t\t\t\t\t\t\tdata-frame_1=\"st:1499.9996948242;sp:1500;sR:1499.9996948242;\"\n\t\t\t\t\t\t\t\tdata-frame_999=\"o:1;st:w;sR:6001;\"\n\t\t\t\t\t\t\t\tstyle=\"z-index:16;font-family:'Roboto';\"\n\t\t\t\t\t\t\t>OPEN ALL YEAR ROUND \n\t\t\t\t\t\t\t<\/rs-layer><!--\n\n\t\t\t\t\t\t\t--><rs-layer\n\t\t\t\t\t\t\t\tid=\"slider-10-slide-28-layer-16\" \n\t\t\t\t\t\t\t\tclass=\"rs-pxl-2\"\n\t\t\t\t\t\t\t\tdata-type=\"text\"\n\t\t\t\t\t\t\t\tdata-rsp_ch=\"on\"\n\t\t\t\t\t\t\t\tdata-xy=\"x:c;xo:0,0,0,-1px;y:m;yo:-264px,-265px,-257px,-242px;\"\n\t\t\t\t\t\t\t\tdata-text=\"s:15,14,12,15;l:20,14,12,10;ls:3px;fw:300;\"\n\t\t\t\t\t\t\t\tdata-padding=\"b:10;\"\n\t\t\t\t\t\t\t\tdata-frame_0=\"sX:0.9;sY:0.9;\"\n\t\t\t\t\t\t\t\tdata-frame_1=\"st:1499.9996948242;sp:1500;sR:1499.9996948242;\"\n\t\t\t\t\t\t\t\tdata-frame_999=\"o:1;st:w;sR:6001;\"\n\t\t\t\t\t\t\t\tstyle=\"z-index:17;font-family:'Roboto';\"\n\t\t\t\t\t\t\t>\"DUTCH CAP CLIFF AND CARCLAY BEACH \n\t\t\t\t\t\t\t<\/rs-layer><!--\n-->\t\t\t\t\t\t<\/rs-slide>\n\t\t\t\t\t<\/rs-slides>\n\t\t\t\t<\/rs-module>\n\t\t\t\t<script>\n\t\t\t\t\tsetREVStartSize({c: 'rev_slider_10_1',rl:[1240,1024,778,480],el:[868,768,960,720],gw:[1240,1024,778,480],gh:[868,768,960,720],type:'standard',justify:'',layout:'fullscreen',offsetContainer:'#nd_options_navigation_2_container,#nd_options_navigation_2_top_header,#nd_options_footer_4_copyright',offset:'',mh:\"600\"});if (window.RS_MODULES!==undefined && window.RS_MODULES.modules!==undefined && window.RS_MODULES.modules[\"revslider101\"]!==undefined) {window.RS_MODULES.modules[\"revslider101\"].once = false;window.revapi10 = undefined;if (window.RS_MODULES.checkMinimal!==undefined) window.RS_MODULES.checkMinimal()}\n\t\t\t\t<\/script>\n\t\t\t<\/rs-module-wrap>\n\t\t\t<!-- END REVOLUTION SLIDER -->\n<\/div><\/div><\/div><\/div>","protected":false},"excerpt":{"rendered":"\"SENOJI KARKL\u0116\" APARTMENTS FOR ADULTS IN KARKL\u0116, 300m FROM THE PROPERTY WE WORK ALL YEAR AROUND THE \"OLAND\u0172 KEPUR\u0116\" SKARD\u017dE AND KARKL\u0116 PLAZA\u017d","protected":false},"author":1,"featured_media":0,"parent":0,"menu_order":0,"comment_status":"closed","ping_status":"closed","template":"","meta":[],"yst_prominent_words":[],"_links":{"self":[{"href":"https:\/\/senojikarkle.lt\/en\/wp-json\/wp\/v2\/pages\/897"}],"collection":[{"href":"https:\/\/senojikarkle.lt\/en\/wp-json\/wp\/v2\/pages"}],"about":[{"href":"https:\/\/senojikarkle.lt\/en\/wp-json\/wp\/v2\/types\/page"}],"author":[{"embeddable":true,"href":"https:\/\/senojikarkle.lt\/en\/wp-json\/wp\/v2\/users\/1"}],"replies":[{"embeddable":true,"href":"https:\/\/senojikarkle.lt\/en\/wp-json\/wp\/v2\/comments?post=897"}],"version-history":[{"count":2,"href":"https:\/\/senojikarkle.lt\/en\/wp-json\/wp\/v2\/pages\/897\/revisions"}],"predecessor-version":[{"id":2388,"href":"https:\/\/senojikarkle.lt\/en\/wp-json\/wp\/v2\/pages\/897\/revisions\/2388"}],"wp:attachment":[{"href":"https:\/\/senojikarkle.lt\/en\/wp-json\/wp\/v2\/media?parent=897"}],"wp:term":[{"taxonomy":"yst_prominent_words","embeddable":true,"href":"https:\/\/senojikarkle.lt\/en\/wp-json\/wp\/v2\/yst_prominent_words?post=897"}],"curies":[{"name":"wp","href":"https:\/\/api.w.org\/{rel}","templated":true}]}}