{"id":1539,"date":"2019-05-30T10:18:43","date_gmt":"2019-05-30T08:18:43","guid":{"rendered":"http:\/\/senojikarkle.lt\/?page_id=1539"},"modified":"2025-12-12T22:49:52","modified_gmt":"2025-12-12T20:49:52","slug":"kainos","status":"publish","type":"page","link":"https:\/\/senojikarkle.lt\/de\/preise\/","title":{"rendered":"Preise"},"content":{"rendered":"<div class=\"vc_row wpb_row vc_row-fluid\"><div class=\"wpb_column vc_column_container vc_col-sm-12\"><div class=\"vc_column-inner\"><div class=\"wpb_wrapper\">\n\t<div class=\"wpb_text_column wpb_content_element\" >\n\t\t<div class=\"wpb_wrapper\">\n\t\t\t<h2 style=\"text-align: center; line-height: 1.3;\">\"Old Karkle\" (\"Karkle Beach Suites\")<br \/>\nMietpreise f\u00fcr Wohnungen f\u00fcr 2025-2026<\/h2>\n\n\t\t<\/div>\n\t<\/div>\n\n\t<div class=\"wpb_raw_code wpb_content_element wpb_raw_html vc_custom_1664642395604\" >\n\t\t<div class=\"wpb_wrapper\">\n\t\t\t<div id=\"tablepress-1-scroll-wrapper\" class=\"tablepress-scroll-wrapper\">\n\n<table id=\"tablepress-1\" class=\"tablepress tablepress-id-1 tablepress-responsive\">\n<tbody>\n<tr class=\"row-1\">\n\t<td class=\"column-1\">Ein-Schlafzimmer-Apartment mit separatem Eingang (1 Doppelbett + 1 Schlafsofa oder 2 Einzelbetten + 1 Schlafsofa)<\/td><td class=\"column-2\"><\/td><td class=\"column-3\"><\/td><td class=\"column-4\"><\/td><td class=\"column-5\"><\/td><td class=\"column-6\"><\/td><td class=\"column-7\"><\/td><td class=\"column-8\"><\/td><td class=\"column-9\"><\/td>\n<\/tr>\n<tr class=\"row-2\">\n\t<td class=\"column-1\"><\/td><td class=\"column-2\">bis 05.22<\/td><td class=\"column-3\">05.22-06.12<\/td><td class=\"column-4\">06.12-06.19<\/td><td class=\"column-5\">06.19-07.01<\/td><td class=\"column-6\">07.01-08.23<\/td><td class=\"column-7\">08.23-08.30<\/td><td class=\"column-8\">08.30-09.20<\/td><td class=\"column-9\">von 09.20<\/td>\n<\/tr>\n<tr class=\"row-3\">\n\t<td class=\"column-1\"><\/td><td class=\"column-2\">EUR<\/td><td class=\"column-3\">EUR<\/td><td class=\"column-4\">EUR<\/td><td class=\"column-5\">EUR<\/td><td class=\"column-6\">EUR<\/td><td class=\"column-7\">EUR<\/td><td class=\"column-8\">EUR<\/td><td class=\"column-9\">EUR<\/td>\n<\/tr>\n<tr class=\"row-4\">\n\t<td class=\"column-1\">2 asm.<\/td><td class=\"column-2\">35<\/td><td class=\"column-3\">40<\/td><td class=\"column-4\">45<\/td><td class=\"column-5\">55<\/td><td class=\"column-6\">75<\/td><td class=\"column-7\">65<\/td><td class=\"column-8\">40<\/td><td class=\"column-9\">35<\/td>\n<\/tr>\n<tr class=\"row-5\">\n\t<td class=\"column-1\">3 asm.<\/td><td class=\"column-2\">40<\/td><td class=\"column-3\">45<\/td><td class=\"column-4\">50<\/td><td class=\"column-5\">60<\/td><td class=\"column-6\">80<\/td><td class=\"column-7\">70<\/td><td class=\"column-8\">45<\/td><td class=\"column-9\">40<\/td>\n<\/tr>\n<tr class=\"row-6\">\n\t<td class=\"column-1\">4 asm.<\/td><td class=\"column-2\">45<\/td><td class=\"column-3\">50<\/td><td class=\"column-4\">55<\/td><td class=\"column-5\">65<\/td><td class=\"column-6\">85<\/td><td class=\"column-7\">75<\/td><td class=\"column-8\">50<\/td><td class=\"column-9\">45<\/td>\n<\/tr>\n<tr class=\"row-7\">\n\t<td class=\"column-1\">Standard-Apartment im zweiten Stock (1 Doppelbett + 1 Einzelbett)<\/td><td class=\"column-2\"><\/td><td class=\"column-3\"><\/td><td class=\"column-4\"><\/td><td class=\"column-5\"><\/td><td class=\"column-6\"><\/td><td class=\"column-7\"><\/td><td class=\"column-8\"><\/td><td class=\"column-9\"><\/td>\n<\/tr>\n<tr class=\"row-8\">\n\t<td class=\"column-1\">2 asm.<\/td><td class=\"column-2\">35<\/td><td class=\"column-3\">40<\/td><td class=\"column-4\">45<\/td><td class=\"column-5\">55<\/td><td class=\"column-6\">75<\/td><td class=\"column-7\">65<\/td><td class=\"column-8\">40<\/td><td class=\"column-9\">35<\/td>\n<\/tr>\n<tr class=\"row-9\">\n\t<td class=\"column-1\">3 asm.<\/td><td class=\"column-2\">40<\/td><td class=\"column-3\">45<\/td><td class=\"column-4\">50<\/td><td class=\"column-5\">60<\/td><td class=\"column-6\">80<\/td><td class=\"column-7\">70<\/td><td class=\"column-8\">45<\/td><td class=\"column-9\">40<\/td>\n<\/tr>\n<tr class=\"row-10\">\n\t<td class=\"column-1\">Zweizimmerwohnung im zweiten Stock (1 Doppelbett + 1 Einzelbett + Schlafsofa oder 3 Einzelbetten + Schlafsofa)<\/td><td class=\"column-2\"><\/td><td class=\"column-3\"><\/td><td class=\"column-4\"><\/td><td class=\"column-5\"><\/td><td class=\"column-6\"><\/td><td class=\"column-7\"><\/td><td class=\"column-8\"><\/td><td class=\"column-9\"><\/td>\n<\/tr>\n<tr class=\"row-11\">\n\t<td class=\"column-1\">2 asm.<\/td><td class=\"column-2\">46<\/td><td class=\"column-3\">53<\/td><td class=\"column-4\">60<\/td><td class=\"column-5\">78<\/td><td class=\"column-6\">92<\/td><td class=\"column-7\">80<\/td><td class=\"column-8\">52<\/td><td class=\"column-9\">46<\/td>\n<\/tr>\n<tr class=\"row-12\">\n\t<td class=\"column-1\">3 asm.<\/td><td class=\"column-2\">48<\/td><td class=\"column-3\">55<\/td><td class=\"column-4\">62<\/td><td class=\"column-5\">80<\/td><td class=\"column-6\">94<\/td><td class=\"column-7\">82<\/td><td class=\"column-8\">54<\/td><td class=\"column-9\">48<\/td>\n<\/tr>\n<tr class=\"row-13\">\n\t<td class=\"column-1\">4 asm.<\/td><td class=\"column-2\">50<\/td><td class=\"column-3\">57<\/td><td class=\"column-4\">64<\/td><td class=\"column-5\">82<\/td><td class=\"column-6\">96<\/td><td class=\"column-7\">84<\/td><td class=\"column-8\">56<\/td><td class=\"column-9\">50<\/td>\n<\/tr>\n<tr class=\"row-14\">\n\t<td class=\"column-1\">5 asm.<\/td><td class=\"column-2\">53<\/td><td class=\"column-3\">60<\/td><td class=\"column-4\">67<\/td><td class=\"column-5\">85<\/td><td class=\"column-6\">99<\/td><td class=\"column-7\">87<\/td><td class=\"column-8\">59<\/td><td class=\"column-9\">53<\/td>\n<\/tr>\n<tr class=\"row-15\">\n\t<td class=\"column-1\">Economy Class Zimmer mit eigenem Ausgang<\/td><td class=\"column-2\"><\/td><td class=\"column-3\"><\/td><td class=\"column-4\"><\/td><td class=\"column-5\"><\/td><td class=\"column-6\"><\/td><td class=\"column-7\"><\/td><td class=\"column-8\"><\/td><td class=\"column-9\"><\/td>\n<\/tr>\n<tr class=\"row-16\">\n\t<td class=\"column-1\">1 asm.<\/td><td class=\"column-2\">30<\/td><td class=\"column-3\">35<\/td><td class=\"column-4\">39<\/td><td class=\"column-5\">45<\/td><td class=\"column-6\">50<\/td><td class=\"column-7\">45<\/td><td class=\"column-8\">35<\/td><td class=\"column-9\">30<\/td>\n<\/tr>\n<\/tbody>\n<\/table>\n\n<\/div><!-- #tablepress-1 from cache -->\n\t\t<\/div>\n\t<\/div>\n\n\t<div class=\"wpb_text_column wpb_content_element  vc_custom_1632060721332\" >\n\t\t<div class=\"wpb_wrapper\">\n\t\t\t<h4 style=\"text-align: left;\"><strong>Informationen:<\/strong><\/h4>\n\n\t\t<\/div>\n\t<\/div>\n\n\t<div class=\"wpb_text_column wpb_content_element\" >\n\t\t<div class=\"wpb_wrapper\">\n\t\t\t<ul>\n<li><span style=\"color: #000000;\">Im Sommer k\u00f6nnen f\u00fcr Buchungen von weniger als 4 N\u00e4chten h\u00f6here Preise als die in der Preistabelle angegebenen gelten.<\/span><\/li>\n<li><span style=\"color: #000000;\">Haustiere sind willkommen. Der Preis pro Haustier betr\u00e4gt EUR 10 pro Nacht.<\/span><\/li>\n<li><span style=\"color: #000000;\">Die Anzahlung wird bei Nichterscheinen oder Stornierung nicht zur\u00fcckerstattet. Die Reservierungsdaten k\u00f6nnen nicht ge\u00e4ndert werden.<\/span><\/li>\n<li><span style=\"color: #000000;\">Ruhige Stunden: 22.00 - 10.00.<\/span><\/li>\n<li><span style=\"color: #000000;\">Einchecken: 15.00 - 21.00.<\/span><\/li>\n<li><span style=\"color: #000000;\">Der Check-out erfolgt vor 12.00 Uhr.<\/span><\/li>\n<li><span style=\"color: #000000;\">Whirlpool-Miete f\u00fcr den Abend - EUR 80.<\/span><\/li>\n<\/ul>\n\n\t\t<\/div>\n\t<\/div>\n<\/div><\/div><\/div><\/div>","protected":false},"excerpt":{"rendered":"\u201eSenoji Karkl\u0117\u201c (\u201eKarkle Beach Suites\u201c) apartament\u0173 nuomos kainos 2025-2026 metams Vieno miegamojo apartamentai su atskiru i\u0161\u0117jimu (1 dvigul\u0117 lova + 1 sofa-lova arba 2 viengul\u0117s lovos + 1 sofa-lova) iki 05.2205.22-06.1206.12-06.1906.19-07.0107.01-08.2308.23-08.3008.30-09.20nuo 09.20 EUREUREUREUREUREUREUREUR 2 asm.3540455575654035 3 asm.4045506080704540 4 asm.4550556585755045 Standartiniai apartamentai antrame auk\u0161te (1 dvigul\u0117 lova + 1 viengul\u0117 lova) 2 asm.3540455575654035 3 asm.4045506080704540 Dviej\u0173 [...]","protected":false},"author":1,"featured_media":0,"parent":0,"menu_order":0,"comment_status":"closed","ping_status":"closed","template":"","meta":[],"yst_prominent_words":[],"_links":{"self":[{"href":"https:\/\/senojikarkle.lt\/de\/wp-json\/wp\/v2\/pages\/1539"}],"collection":[{"href":"https:\/\/senojikarkle.lt\/de\/wp-json\/wp\/v2\/pages"}],"about":[{"href":"https:\/\/senojikarkle.lt\/de\/wp-json\/wp\/v2\/types\/page"}],"author":[{"embeddable":true,"href":"https:\/\/senojikarkle.lt\/de\/wp-json\/wp\/v2\/users\/1"}],"replies":[{"embeddable":true,"href":"https:\/\/senojikarkle.lt\/de\/wp-json\/wp\/v2\/comments?post=1539"}],"version-history":[{"count":116,"href":"https:\/\/senojikarkle.lt\/de\/wp-json\/wp\/v2\/pages\/1539\/revisions"}],"predecessor-version":[{"id":2874,"href":"https:\/\/senojikarkle.lt\/de\/wp-json\/wp\/v2\/pages\/1539\/revisions\/2874"}],"wp:attachment":[{"href":"https:\/\/senojikarkle.lt\/de\/wp-json\/wp\/v2\/media?parent=1539"}],"wp:term":[{"taxonomy":"yst_prominent_words","embeddable":true,"href":"https:\/\/senojikarkle.lt\/de\/wp-json\/wp\/v2\/yst_prominent_words?post=1539"}],"curies":[{"name":"wp","href":"https:\/\/api.w.org\/{rel}","templated":true}]}}